{"id":498,"date":"2024-07-24T05:08:28","date_gmt":"2024-07-24T05:08:28","guid":{"rendered":"https:\/\/demo16.mikotech.com.vn\/PREMIER\/?page_id=498"},"modified":"2025-08-04T05:31:37","modified_gmt":"2025-08-04T05:31:37","slug":"contact","status":"publish","type":"page","link":"https:\/\/dothanhresidence.com\/en\/contact\/","title":{"rendered":"Contact"},"content":{"rendered":"\t\t<div data-elementor-type=\"wp-page\" data-elementor-id=\"498\" class=\"elementor elementor-498 elementor-28\">\n\t\t\t\t<div class=\"elementor-element elementor-element-fd6f937 e-con-full e-flex e-con e-parent\" data-id=\"fd6f937\" data-element_type=\"container\">\n\t\t\t\t<div class=\"elementor-element elementor-element-9469972 elementor-widget elementor-widget-Elementor-contact-info\" data-id=\"9469972\" data-element_type=\"widget\" data-widget_type=\"Elementor-contact-info.default\">\n\t\t\t\t<div class=\"elementor-widget-container\">\n\t\t\t\t\t\r\n <!-- contact-area -->\r\n            <section id=\"contact\" class=\"contact-area after-none contact-bg pt-120 pb-120 p-relative fix\">\r\n                <div class=\"container\">\r\n             \r\n\t\t\t\t\t<div class=\"row justify-content-center align-items-center\">\r\n\t\t\t\t\t\t\r\n                         <div class=\"col-lg-5 order-1\">\r\n                             \r\n                            <div class=\"contact-info\">\r\n                                                                                                       <div class=\"single-cta pb-30 mb-30 wow fadeInUp animated\" data-animation=\"fadeInDown animated\" data-delay=\".2s\">\r\n                                        <div class=\"f-cta-icon\">\r\n                                           <i class=\"far fa-map\"><\/i>\r\n                                        <\/div>\r\n                                         <h5>Office Address<\/h5>\r\n                                             No 18, Street No.3, Ban Co Ward <br>\n                                          Ho Chi Minh City                                    <\/div>\r\n                                                                    <div class=\"single-cta pb-30 mb-30 wow fadeInUp animated\" data-animation=\"fadeInDown animated\" data-delay=\".2s\">\r\n                                        <div class=\"f-cta-icon\">\r\n                                           <i class=\"far fa-clock\"><\/i>\r\n                                        <\/div>\r\n                                         <h5>Working Hours<\/h5>\r\n                                             Open 24 hours a day, 7 days a week                                    <\/div>\r\n                                                                    <div class=\"single-cta pb-30 mb-30 wow fadeInUp animated\" data-animation=\"fadeInDown animated\" data-delay=\".2s\">\r\n                                        <div class=\"f-cta-icon\">\r\n                                           <i class=\"far fa-envelope-open\"><\/i>\r\n                                        <\/div>\r\n                                         <h5>Message Us<\/h5>\r\n                                             <a href=\"#\">booking@dothanhresidence.com<\/a><br><a href=\"#\"><\/a>                                    <\/div>\r\n                                   \r\n                                    \r\n                                <\/div>\t\t\t\t\t\t\t\r\n                        <\/div>\r\n                        <div class=\"col-lg-7 order-2\">\r\n                            <div class=\"contact-bg02\">\r\n                                <div class=\"section-title center-align\">\r\n                                    <h2>\r\n                                         Get In Touch                                    <\/h2>\r\n                                <\/div>                                \r\n                                <div class=\"contact-form mt-30\">\r\n                                    \n<div class=\"wpcf7 no-js\" id=\"wpcf7-f345-o1\" lang=\"vi-VN\" dir=\"ltr\" data-wpcf7-id=\"345\">\n<div class=\"screen-reader-response\"><p role=\"status\" aria-live=\"polite\" aria-atomic=\"true\"><\/p> <ul><\/ul><\/div>\n<form action=\"\/en\/wp-json\/wp\/v2\/pages\/498#wpcf7-f345-o1\" method=\"post\" class=\"wpcf7-form init\" aria-label=\"Contact form\" novalidate=\"novalidate\" data-status=\"init\">\n<div style=\"display: none;\">\n<input type=\"hidden\" name=\"_wpcf7\" value=\"345\" \/>\n<input type=\"hidden\" name=\"_wpcf7_version\" value=\"6.0.6\" \/>\n<input type=\"hidden\" name=\"_wpcf7_locale\" value=\"vi_VN\" \/>\n<input type=\"hidden\" name=\"_wpcf7_unit_tag\" value=\"wpcf7-f345-o1\" \/>\n<input type=\"hidden\" name=\"_wpcf7_container_post\" value=\"0\" \/>\n<input type=\"hidden\" name=\"_wpcf7_posted_data_hash\" value=\"\" \/>\n<\/div>\n<div class=\"contact-form mt-30\">\n\t<div class=\"row\">\n\t\t<div class=\"col-lg-12\">\n\t\t\t<div class=\"contact-field p-relative c-name mb-15\">\n\t\t\t\t<p><span class=\"wpcf7-form-control-wrap\" data-name=\"firstname\"><input size=\"40\" maxlength=\"400\" class=\"wpcf7-form-control wpcf7-text wpcf7-validates-as-required\" aria-required=\"true\" aria-invalid=\"false\" placeholder=\"First Name\" value=\"\" type=\"text\" name=\"firstname\" \/><\/span>\n\t\t\t\t<\/p>\n\t\t\t<\/div>\n\t\t<\/div>\n\t\t<div class=\"col-lg-6\">\n\t\t\t<div class=\"contact-field p-relative c-subject mb-15\">\n\t\t\t\t<p><span class=\"wpcf7-form-control-wrap\" data-name=\"email\"><input size=\"40\" maxlength=\"400\" class=\"wpcf7-form-control wpcf7-email wpcf7-validates-as-required wpcf7-text wpcf7-validates-as-email\" aria-required=\"true\" aria-invalid=\"false\" placeholder=\"Email Id\" value=\"\" type=\"email\" name=\"email\" \/><\/span>\n\t\t\t\t<\/p>\n\t\t\t<\/div>\n\t\t<\/div>\n\t\t<div class=\"col-lg-6\">\n\t\t\t<div class=\"contact-field p-relative c-subject mb-15\">\n\t\t\t\t<p><span class=\"wpcf7-form-control-wrap\" data-name=\"phoneno\"><input size=\"40\" maxlength=\"400\" class=\"wpcf7-form-control wpcf7-text wpcf7-validates-as-required\" aria-required=\"true\" aria-invalid=\"false\" placeholder=\"Phone No.\" value=\"\" type=\"text\" name=\"phoneno\" \/><\/span>\n\t\t\t\t<\/p>\n\t\t\t<\/div>\n\t\t<\/div>\n\t\t<div class=\"col-lg-12\">\n\t\t\t<div class=\"contact-field p-relative c-message mb-30\">\n\t\t\t\t<p><span class=\"wpcf7-form-control-wrap\" data-name=\"message\"><textarea cols=\"40\" rows=\"10\" maxlength=\"2000\" class=\"wpcf7-form-control wpcf7-textarea\" aria-invalid=\"false\" placeholder=\"Write comments\" name=\"message\"><\/textarea><\/span>\n\t\t\t\t<\/p>\n\t\t\t<\/div>\n\t\t\t<div class=\"slider-btn\">\n\t\t\t\t<p><button class=\"btn ss-btn active\" data-animation=\"fadeInRight\" data-delay=\".8s\">Submit Now<\/button>\n\t\t\t\t<\/p>\n\t\t\t<\/div>\n\t\t<\/div>\n\t<\/div>\n<\/div><div class=\"wpcf7-response-output\" aria-hidden=\"true\"><\/div>\n<\/form>\n<\/div>\n                                 \r\n                                <\/div>                            \r\n                            <\/div>    \r\n                        \r\n\t\t\t\t\t\t<\/div>\r\n\t\t\t\t\t<\/div>\r\n                    \r\n                <\/div>\r\n               \r\n            <\/section>\r\n            <!-- contact-area-end -->\t\t\t\t<\/div>\n\t\t\t\t<\/div>\n\t\t\t\t<\/div>\n\t\t<div class=\"elementor-element elementor-element-2e15526 e-flex e-con-boxed e-con e-parent\" data-id=\"2e15526\" data-element_type=\"container\">\n\t\t\t\t\t<div class=\"e-con-inner\">\n\t\t\t\t<div class=\"elementor-element elementor-element-ad51d10 elementor-widget elementor-widget-google_maps\" data-id=\"ad51d10\" data-element_type=\"widget\" data-widget_type=\"google_maps.default\">\n\t\t\t\t<div class=\"elementor-widget-container\">\n\t\t\t\t\t\t\t<div class=\"elementor-custom-embed\">\n\t\t\t<iframe loading=\"lazy\"\n\t\t\t\t\tsrc=\"https:\/\/maps.google.com\/maps?q=%C4%90%C3%B4%20Th%C3%A0nh%20Residence%2018%20%C4%90.%20S%E1%BB%91%203%2C%20C%C6%B0%20x%C3%A1%20%C4%90%C3%B4%20Th%C3%A0nh%2C%20Qu%E1%BA%ADn%203%2C%20H%E1%BB%93%20Ch%C3%AD%20Minh%2070000&#038;t=m&#038;z=12&#038;output=embed&#038;iwloc=near\"\n\t\t\t\t\ttitle=\"\u0110\u00f4 Th\u00e0nh Residence 18 \u0110. S\u1ed1 3, C\u01b0 x\u00e1 \u0110\u00f4 Th\u00e0nh, Qu\u1eadn 3, H\u1ed3 Ch\u00ed Minh 70000\"\n\t\t\t\t\taria-label=\"\u0110\u00f4 Th\u00e0nh Residence 18 \u0110. S\u1ed1 3, C\u01b0 x\u00e1 \u0110\u00f4 Th\u00e0nh, Qu\u1eadn 3, H\u1ed3 Ch\u00ed Minh 70000\"\n\t\t\t><\/iframe>\n\t\t<\/div>\n\t\t\t\t\t\t<\/div>\n\t\t\t\t<\/div>\n\t\t\t\t\t<\/div>\n\t\t\t\t<\/div>\n\t\t\t\t<\/div>\n\t\t","protected":false},"excerpt":{"rendered":"","protected":false},"author":1,"featured_media":0,"parent":0,"menu_order":0,"comment_status":"closed","ping_status":"closed","template":"inside.php","meta":{"footnotes":""},"class_list":["post-498","page","type-page","status-publish","hentry"],"_links":{"self":[{"href":"https:\/\/dothanhresidence.com\/en\/wp-json\/wp\/v2\/pages\/498","targetHints":{"allow":["GET"]}}],"collection":[{"href":"https:\/\/dothanhresidence.com\/en\/wp-json\/wp\/v2\/pages"}],"about":[{"href":"https:\/\/dothanhresidence.com\/en\/wp-json\/wp\/v2\/types\/page"}],"author":[{"embeddable":true,"href":"https:\/\/dothanhresidence.com\/en\/wp-json\/wp\/v2\/users\/1"}],"replies":[{"embeddable":true,"href":"https:\/\/dothanhresidence.com\/en\/wp-json\/wp\/v2\/comments?post=498"}],"version-history":[{"count":10,"href":"https:\/\/dothanhresidence.com\/en\/wp-json\/wp\/v2\/pages\/498\/revisions"}],"predecessor-version":[{"id":1248,"href":"https:\/\/dothanhresidence.com\/en\/wp-json\/wp\/v2\/pages\/498\/revisions\/1248"}],"wp:attachment":[{"href":"https:\/\/dothanhresidence.com\/en\/wp-json\/wp\/v2\/media?parent=498"}],"curies":[{"name":"wp","href":"https:\/\/api.w.org\/{rel}","templated":true}]}}